{"id":22,"date":"2016-02-16T12:52:26","date_gmt":"2016-02-16T11:52:26","guid":{"rendered":"https:\/\/judoclub-klosterneuburg.at\/judo\/?page_id=22"},"modified":"2024-09-22T19:47:03","modified_gmt":"2024-09-22T17:47:03","slug":"wann-wo-2","status":"publish","type":"page","link":"https:\/\/judounion-klosterneuburg.at\/judo\/wann-wo-2\/","title":{"rendered":"Wann &#038; Wo"},"content":{"rendered":"<p>Bei uns ist mehrfaches kostenloses Schnuppern \u00fcblich! Grunds\u00e4tzlich beginnen wir zu Schuljahresbeginn im September mit neuen Anf\u00e4ngergruppen, es ist jedoch auch ein Einstieg w\u00e4hrend des Schuljahres m\u00f6glich!<\/p>\n<p>Also einfach mit Turnsachen in eine unserer<strong> Anf\u00e4ngergruppen (Volksschulalter)<\/strong> kommen:<br \/>\n<strong>Montags<\/strong>, von <strong>16.30 bis 17.30<\/strong> in der NMS Langst\u00f6gergasse 15 im gro\u00dfen Turnsaal<br \/>\n<strong>Dienstags<\/strong>, von <strong>15.15 bis 16.15<\/strong> in der VS Brucknergasse 6 im Gymnastiksaal,<br \/>\n<strong>Mittwochs<\/strong>, von <strong>15.00 bis 16.00<\/strong> in der Turnhalle in der Kierlinger Hauptstrasse 152,<br \/>\n<strong>Freitags,<\/strong> von <strong>16.00 bis 17.00<\/strong> in der &#8222;alten BH&#8220; Leopoldstr. 21 (direkt bei 21 &#8222;Seiteneingang&#8220;)<\/p>\n<p><strong>Erwachsene<\/strong> Anf\u00e4nger und Wiedereinsteiger &gt; <strong>Mittwochs<\/strong> von <strong>18.30 bis 20.00<br \/>\n&gt;<\/strong>in der &#8222;alten BH&#8220; Leopoldstr. 21<\/p>\n<p><strong>Fortgeschrittene<\/strong> und Wettkampfkadertraining findet Montag, Mittwoch, Donnerstag und Freitag statt!<br \/>\nBitte einfach Kontakt aufnehmen um die geeignete Gruppe f\u00fcr dich zu finden!<\/p>\n<div class=\"wpgmza-store-locator wpgmza_sl_main_div\" data-id=\"1\">\r\n\t<div class=\"wpgmza-address-container wpgmza-form-field wpgmza_sl_query_div wpgmza-clearfix\">\r\n\t\t<label class=\"wpgmza-address wpgmza-form-field__label wpgmza-form-field__label--float\" data-name=\"addressLabel\" for=\"addressInput\">PLZ \/ Adresse:<\/label>\r\n\t\t<input class=\"wpgmza-address\" type=\"text\" placeholder=\"Einen Ort eingeben\" autocomplete=\"off\" data-name=\"defaultAddress\" value=\"\" id=\"addressInput\" size=\"20\" aria-label=\"PLZ \/ Adresse:\">\r\n\t<\/div>\r\n\t\r\n\t<div class=\"wpgmza-radius-container wpgmza-form-field wpgmza_sl_radius_div wpgmza-clearfix\">\r\n\t\t<label class=\"wpgmza-radius wpgmza-form-field__label wpgmza-form-field__label--float\" for=\"radiusSelect\">\r\n\t\t\tRadius:\t\t<\/label>\r\n\t\t<select class=\"wpgmza-radius wpgmza-form-field__input wpgmza_sl_radius_select\" id=\"radiusSelect\" aria-label=\"Radius:\"><option class=\"wpgmza-radius wpgmza_sl_select_option\" value=\"1\">1mi<\/option><option class=\"wpgmza-radius wpgmza_sl_select_option\" value=\"5\">5mi<\/option><option class=\"wpgmza-radius wpgmza_sl_select_option\" value=\"10\" selected>10mi<\/option><option class=\"wpgmza-radius wpgmza_sl_select_option\" value=\"25\">25mi<\/option><option class=\"wpgmza-radius wpgmza_sl_select_option\" value=\"50\">50mi<\/option><option class=\"wpgmza-radius wpgmza_sl_select_option\" value=\"75\">75mi<\/option><option class=\"wpgmza-radius wpgmza_sl_select_option\" value=\"100\">100mi<\/option><option class=\"wpgmza-radius wpgmza_sl_select_option\" value=\"150\">150mi<\/option><option class=\"wpgmza-radius wpgmza_sl_select_option\" value=\"200\">200mi<\/option><option class=\"wpgmza-radius wpgmza_sl_select_option\" value=\"300\">300mi<\/option><\/select>\r\n\t<\/div>\r\n\t\r\n\t<input class=\"wpgmza-search wpgmza_sl_search_button wpgmza_sl_search_button_1\" value=\"Suche\" type=\"button\" onclick=\"searchLocations(1)\">\r\n\t\r\n\t<div class=\"wpgmza-no-results wpgmza-not-found-msg js-not-found-msg\" style=\"display: none;\">\r\n\t\t<p data-name=\"notFoundMessage\">Keine Ergebnisse in dieser Position gefunden. Bitte versuche es erneut.<\/p>\r\n\t<\/div>\r\n<\/div><div id=\"wpgmza_map\" class=\"wpgmza_map\" data-settings='{\"id\":\"1\",\"map_title\":\"Judounion Klosterneuburg\",\"map_width\":\"100\",\"map_height\":\"400\",\"map_start_lat\":\"48.30682017384734\",\"map_start_lng\":\"16.295589616902717\",\"map_start_location\":\"48.30531336545556,16.30492794702149\",\"map_start_zoom\":\"13\",\"default_marker\":\"0\",\"type\":\"1\",\"alignment\":\"2\",\"directions_enabled\":\"1\",\"styling_enabled\":\"0\",\"styling_json\":\"\",\"active\":\"0\",\"kml\":\"\",\"bicycle\":\"0\",\"traffic\":\"0\",\"dbox\":\"1\",\"dbox_width\":\"100\",\"listmarkers\":\"0\",\"listmarkers_advanced\":\"0\",\"filterbycat\":\"0\",\"ugm_enabled\":\"0\",\"ugm_category_enabled\":\"0\",\"fusion\":\"\",\"map_width_type\":\"%\",\"map_height_type\":\"px\",\"mass_marker_support\":\"1\",\"ugm_access\":\"0\",\"order_markers_by\":\"0\",\"order_markers_choice\":\"0\",\"show_user_location\":\"0\",\"default_to\":\"\",\"other_settings\":{\"store_locator_enabled\":true,\"store_locator_distance\":true,\"store_locator_default_radius\":10,\"store_locator_not_found_message\":\"\",\"store_locator_bounce\":1,\"store_locator_query_string\":\"\",\"store_locator_default_address\":\"\",\"wpgmza_store_locator_restrict\":\"\",\"wpgmza_store_locator_radius_style\":\"modern\",\"map_max_zoom\":\"1\",\"transport_layer\":false,\"wpgmza_show_points_of_interest\":0,\"wpgmza_auto_night\":0,\"action\":\"wpgmza_save_map\",\"redirect_to\":\"\\\/judo\\\/wp-admin\\\/admin-post.php\",\"map_id\":\"1\",\"http_referer\":\"\\\/judo\\\/wp-admin\\\/admin.php?page=wp-google-maps-menu&amp;amp;action=edit&amp;amp;map_id=1\",\"wpgmza_id\":\"1\",\"wpgmza_start_location\":\"48.30682017384734,16.295589616902717\",\"wpgmza_start_zoom\":\"13\",\"store_locator_search_area\":\"radial\",\"wpgmza_store_locator_default_radius\":\"10\",\"store_locator_auto_area_max_zoom\":\"\",\"wpgmza_store_locator_position\":false,\"store_locator_show_distance\":false,\"store_locator_category\":false,\"wpgmza_store_locator_use_their_location\":false,\"wpgmza_store_locator_bounce\":false,\"wpgmza_sl_animation\":null,\"wpgmza_store_locator_hide_before_search\":false,\"store_locator_location_placeholder\":\"\",\"store_locator_name_search\":false,\"store_locator_name_string\":\"\",\"sl_stroke_color\":\"\",\"sl_stroke_opacity\":\"\",\"sl_fill_color\":\"\",\"sl_fill_opacity\":\"\",\"wpgmza_map_align\":\"1\",\"jump_to_nearest_marker_on_initialization\":false,\"automatically_pan_to_users_location\":false,\"override_users_location_zoom_level\":false,\"override_users_location_zoom_levels\":\"\",\"show_distance_from_location\":false,\"map_min_zoom\":\"0\",\"click_open_link\":false,\"fit_maps_bounds_to_markers\":false,\"fit_maps_bounds_to_markers_after_filtering\":false,\"hide_point_of_interest\":false,\"wpgmza_zoom_on_marker_click\":false,\"wpgmza_zoom_on_marker_click_slider\":\"\",\"close_infowindow_on_map_click\":false,\"disable_lightbox_images\":false,\"use_Raw_Jpeg_Coordinates\":false,\"disable_polygon_info_windows\":false,\"enable_marker_ratings\":false,\"only_load_markers_within_viewport\":false,\"iw_primary_color\":\"#000000\",\"iw_accent_color\":\"#000000\",\"iw_text_color\":\"#000000\",\"wpgmza_listmarkers_by\":\"0\",\"wpgmza_marker_listing_position\":false,\"zoom_level_on_marker_listing_override\":false,\"zoom_level_on_marker_listing_click\":\"\",\"marker_listing_disable_zoom\":false,\"datatable_no_result_message\":\"\",\"remove_search_box_datables\":false,\"dataTable_pagination_style\":null,\"datatable_search_string\":\"\",\"datatable_result_start\":\"\",\"datatable_result_of\":\"\",\"datatable_result_to\":\"\",\"datatable_result_total\":\"\",\"datatable_result_show\":\"\",\"datatable_result_entries\":\"\",\"wpgmza_savemap\":\"Karte speichern \\u00bb\"}}' data-map-id='1' Data-maps-engine='open-layers' data-shortcode-attributes='{\"id\":\"1\"}' style=\"display:block; overflow:auto; width:100%; height:400px; float:left;\"><\/div>\n","protected":false},"excerpt":{"rendered":"<p>Bei uns ist mehrfaches kostenloses Schnuppern \u00fcblich! Grunds\u00e4tzlich beginnen wir zu Schuljahresbeginn im September mit neuen Anf\u00e4ngergruppen, es ist jedoch auch ein Einstieg w\u00e4hrend des Schuljahres m\u00f6glich! Also einfach mit &#8230;<\/p>\n","protected":false},"author":1,"featured_media":0,"parent":0,"menu_order":0,"comment_status":"closed","ping_status":"closed","template":"template-fullwidth.php","meta":{"footnotes":""},"class_list":["post-22","page","type-page","status-publish","hentry"],"_links":{"self":[{"href":"https:\/\/judounion-klosterneuburg.at\/judo\/wp-json\/wp\/v2\/pages\/22","targetHints":{"allow":["GET"]}}],"collection":[{"href":"https:\/\/judounion-klosterneuburg.at\/judo\/wp-json\/wp\/v2\/pages"}],"about":[{"href":"https:\/\/judounion-klosterneuburg.at\/judo\/wp-json\/wp\/v2\/types\/page"}],"author":[{"embeddable":true,"href":"https:\/\/judounion-klosterneuburg.at\/judo\/wp-json\/wp\/v2\/users\/1"}],"replies":[{"embeddable":true,"href":"https:\/\/judounion-klosterneuburg.at\/judo\/wp-json\/wp\/v2\/comments?post=22"}],"version-history":[{"count":25,"href":"https:\/\/judounion-klosterneuburg.at\/judo\/wp-json\/wp\/v2\/pages\/22\/revisions"}],"predecessor-version":[{"id":5168,"href":"https:\/\/judounion-klosterneuburg.at\/judo\/wp-json\/wp\/v2\/pages\/22\/revisions\/5168"}],"wp:attachment":[{"href":"https:\/\/judounion-klosterneuburg.at\/judo\/wp-json\/wp\/v2\/media?parent=22"}],"curies":[{"name":"wp","href":"https:\/\/api.w.org\/{rel}","templated":true}]}}