{"id":2213,"date":"2018-08-28T10:38:14","date_gmt":"2018-08-28T08:38:14","guid":{"rendered":"https:\/\/judoclub-klosterneuburg.at\/judo\/?page_id=2213"},"modified":"2018-09-09T09:00:54","modified_gmt":"2018-09-09T07:00:54","slug":"datenschutz-recht","status":"publish","type":"page","link":"https:\/\/judounion-klosterneuburg.at\/judo\/datenschutz-recht\/","title":{"rendered":"Datenschutz \/ Recht"},"content":{"rendered":"<p><strong>Information \u00fcber die Verwendung personenbezogener Daten\/Datenschutzerkl\u00e4rung:<\/strong><\/p>\n<p>Mit der Beitrittserkl\u00e4rung zum Judoclub Klosterneuburg und meiner Unterschrift nehme ich zur Kenntnis, dass meine personenbezogenen Daten und jene meines Kindes<br \/>\n<em><br \/>\n&#8211; Familienname, Vorname(n), Nationalit\u00e4t<\/em><br \/>\n<em>&#8211; Portraitfoto<\/em><br \/>\n<em>&#8211; Geburtsdatum, Geschlecht<\/em><br \/>\n<em>&#8211; Adresse, Mailadresse, Telefonnummer(n)<\/em><\/p>\n<p>sowie Eintrittsdatum, Tarifklasse\/Sparte, eventuell Funktion, Ausbildungen und Ergebnisse in der Sportart Judo, sport\u00e4rztliche Eignung auf vertraglicher Grundlage (Mitgliedschaft) innerhalb des Vereins elektronisch und manuell verarbeitet werden.<\/p>\n<p>Die <strong>Zwecke<\/strong> der Verarbeitung sind: sportliche, organisatorische und fachliche Administration und finanzielle Abwicklung, Mitgliederverwaltung, Zusendung von Vereins- und Verbandsinformationen, Informationen zu Veranstaltungen, \u2026<\/p>\n<p>Die e-mail-Adressen k\u00f6nnen in Sammelmails sichtbar sein und zur Informationsweitergabe innerhalb des Vereins auch anderen Familien zur Verf\u00fcgung gestellt werden, ebenso wie Telefonnummern (z.B. zur Bildung von Fahrgemeinschaften).<\/p>\n<p>Der Verein JC Klosterneuburg ist Verantwortlicher f\u00fcr die hier dargelegten Verarbeitungs- t\u00e4tigkeiten. Die Bereitstellung meiner Daten ist zur Erf\u00fcllung des Vereinszwecks gem\u00e4\u00df Statuten erforderlich, bei Nichtbereitstellung ist eine Mitgliedschaft zum Verein nicht m\u00f6glich.<\/p>\n<p>Personenbezogene Daten finden vom Verein nur f\u00fcr die dargelegten Zwecke Verwendung. Bei Vereinsaustritt werden alle Daten \u2013 sofern kein R\u00fcckstand an Zahlungen seitens des Mitglieds besteht, die Daten auch nicht zur Geltendmachung, Aus\u00fcbung oder Verteidigung von Rechtsanspr\u00fcchen des Vereins ben\u00f6tigt werden und keine l\u00e4ngere Aufbewahrung der Daten gesetzlich angeordnet ist, sp\u00e4testens binnen eines Jahres ab Austritt gel\u00f6scht oder anonymisiert.<\/p>\n<p>Meine Daten k\u00f6nnen an<br \/>\n\u2022 Landesdachverband Nieder\u00f6sterreich<br \/>\n\u2022 <em>Dachverband<\/em> \u00d6sterreich, A-1200 Wien, Wehlistra\u00dfe 29\/Stiege 1\/TOP 111 www.oejv.com &#8211; www.facebook.com\/JudoAustria<br \/>\n\u2022 sowie Sportfachverb\u00e4nde weitergeleitet werden.<\/p>\n<p>Die Verarbeitungszwecke bei Dachverb\u00e4nden erstrecken sich auf die rechtliche, steuerliche, administrative Unterst\u00fctzung des Vereins, die Abwicklung von gemeinsamen Projekten und Veranstaltungen, auf die Durchf\u00fchrung von Kursen und Fortbildungen, auf Unterst\u00fctzung und Zusammenarbeit im Bereich \u00d6ffentlichkeitsarbeit und vieles mehr.<\/p>\n<p>Die Datenverarbeitungen auf Ebene von Fachverb\u00e4nden stehen im direkten Zusammenhang mit der\/den von mir ausge\u00fcbten Sportart(en) und reichen von der administrativen Unterst\u00fctzung des Vereins, der Veranstaltungs- und Wettkampforganisation, der direkten Zusammenarbeit mit dem einzelnen Vereinsmitglied bis hin zur Kooperation mit nationalen und internationalen Einrichtungen und Verb\u00e4nden insbesondere bei der Aus\u00fcbung von Wettkampf- und Leistungssport.<\/p>\n<p>Meine Rechte im Zusammenhang mit datenschutzrechtlichen Vorschriften erstrecken sich auf das Recht auf Auskunft, Berichtigung, L\u00f6schung, Einschr\u00e4nkung, Daten\u00fcbertragbarkeit und Widerspruch in die Verarbeitung.<\/p>\n<p>Ein Widerruf ist jederzeit mit Wirkung f\u00fcr die Zukunft per E-Mail an robert.haas@judoclub-klosterneuburg.at, per Brief an den Vereinssitz, Roseggergasse 76, 3400 Kierling \/ Klosterneuburg, m\u00f6glich.<\/p>\n<p>Ich nehme zur Kenntnis, dass der Widerruf der Zustimmung der Datenweitergabe den Ausschluss von diversen Veranstaltungen, Wettk\u00e4mpfen und auch Trainingseinheiten\/ Trainingslagern oder Ausbildungen bedeuten kann, insbesondere wenn es sich bei diesen um Veranstaltungen der Landes- bzw. Bundesfach- oder Dachverb\u00e4nde handelt. Ich nehme ferner zur Kenntnis, dass bei einem allf\u00e4lligen Widerruf Einschr\u00e4nkungen bei der Aus\u00fcbung eines Wettkampf- bzw. Leistungssports wahrscheinlich sind, da die Datenweitergabe hierf\u00fcr eine Voraussetzung darstellt.<\/p>\n<p><strong>Allgemein:<\/strong><\/p>\n<p>Es besteht keine Absicht meine Daten f\u00fcr automatisierte Entscheidungsfindung einschlie\u00dflich Profiling (Datenanalyse zu Verhalten, Gewohnheiten, Pr\u00e4ferenzen\u2026) zu verarbeiten aussagekr\u00e4ftige Informationen \u00fcber die involvierte Logik sowie die Tragweite und die angestrebten Auswirkungen einer derartigen Verarbeitung f\u00fcr die betroffene Person).<\/p>\n<p><strong>Information \u00fcber Sportergebnismanagement:<\/strong><br \/>\nAufgrund meiner Einwilligung nach Art. 6 Abs. 1 lit. a DSGVO bzw. der Erf\u00fcllung einer vertraglichen bzw. rechtlichen Verpflichtung des Verantwortlichen nach Art. 6 Abs. 1 lit. b und c bzw. f DSGVO werden meine personenbezogenen Daten, soweit diese f\u00fcr die Leistungs- \/Ergebniserfassung bzw. Ergebnismanagement im Zusammenhang mit der Anmeldung oder Teilnahme an (sportlichen) Veranstaltungen oder Wettk\u00e4mpfen erforderlich sind, gespeichert und auch nach Art. 17 Abs. 3 in Verbindung mit Art. 89 DSGVO f\u00fcr im \u00f6ffentlichen Interesse liegende Archivzwecke und berechtigte Interessen des Verantwortlichen gespeichert und \u00f6ffentlich zug\u00e4nglich gemacht sowie von der \u00d6sterreichische Bundes-Sportorganisation BSO, 1040 Wien, Prinz-Eugen-Str. 12, gespeichert und \u00f6ffentlich zug\u00e4nglich gemacht. Dies wird von mir ausdr\u00fccklich zur Kenntnis genommen.<\/p>\n<p><strong>Nutzung Bild-\/Foto-\/Videoaufnahmen:<\/strong><br \/>\nMit dem Beitritt zum Verein erkl\u00e4re ich mich damit einverstanden, dass w\u00e4hrend der Sport- bzw. Wettkampfaus\u00fcbung (einschlie\u00dflich Siegerehrungen und \u00e4hnlichem) Foto- bzw. Videoaufnahmen von meinem Kind zum Zweck der \u00d6ffentlichkeitsarbeit des Vereins angefertigt, zu diesem Zweck eingesetzt und via Live-Stream (\u00dcbertragung \u00fcber das Internet zum Zeitpunkt der Aufnahmen, keine Speicherung), via Internet (jederzeit weltweit durch jedermann abrufbar) und in sozialen Medien (jederzeit weltweit durch jedermann abrufbar) und klassischen Medien (Zeitung, Fernsehen, Vereinszeitung, etc\u2026) ver\u00f6ffentlicht werden. Aus dieser Zustimmung leite ich keine Rechte (z.B. Entgelt) ab.<\/p>\n<p><a href=\"https:\/\/judoclub-klosterneuburg.at\/judo\/datenschutzerklaerung\/\"><strong>Datenschutzerkl\u00e4rung zur Verwendung der Webseite<\/strong><\/a><\/p>\n","protected":false},"excerpt":{"rendered":"<p>Information \u00fcber die Verwendung personenbezogener Daten\/Datenschutzerkl\u00e4rung: Mit der Beitrittserkl\u00e4rung zum Judoclub Klosterneuburg und meiner Unterschrift nehme ich zur Kenntnis, dass meine personenbezogenen Daten und jene meines Kindes &#8211; Familienname, Vorname(n), &#8230;<\/p>\n","protected":false},"author":1,"featured_media":0,"parent":0,"menu_order":0,"comment_status":"closed","ping_status":"closed","template":"","meta":{"footnotes":""},"class_list":["post-2213","page","type-page","status-publish","hentry"],"_links":{"self":[{"href":"https:\/\/judounion-klosterneuburg.at\/judo\/wp-json\/wp\/v2\/pages\/2213","targetHints":{"allow":["GET"]}}],"collection":[{"href":"https:\/\/judounion-klosterneuburg.at\/judo\/wp-json\/wp\/v2\/pages"}],"about":[{"href":"https:\/\/judounion-klosterneuburg.at\/judo\/wp-json\/wp\/v2\/types\/page"}],"author":[{"embeddable":true,"href":"https:\/\/judounion-klosterneuburg.at\/judo\/wp-json\/wp\/v2\/users\/1"}],"replies":[{"embeddable":true,"href":"https:\/\/judounion-klosterneuburg.at\/judo\/wp-json\/wp\/v2\/comments?post=2213"}],"version-history":[{"count":6,"href":"https:\/\/judounion-klosterneuburg.at\/judo\/wp-json\/wp\/v2\/pages\/2213\/revisions"}],"predecessor-version":[{"id":2241,"href":"https:\/\/judounion-klosterneuburg.at\/judo\/wp-json\/wp\/v2\/pages\/2213\/revisions\/2241"}],"wp:attachment":[{"href":"https:\/\/judounion-klosterneuburg.at\/judo\/wp-json\/wp\/v2\/media?parent=2213"}],"curies":[{"name":"wp","href":"https:\/\/api.w.org\/{rel}","templated":true}]}}