{"id":30,"date":"2016-02-16T13:03:30","date_gmt":"2016-02-16T12:03:30","guid":{"rendered":"https:\/\/judoclub-klosterneuburg.at\/judo\/?page_id=30"},"modified":"2023-11-22T17:51:24","modified_gmt":"2023-11-22T16:51:24","slug":"ueber-judo","status":"publish","type":"page","link":"https:\/\/judounion-klosterneuburg.at\/judo\/ueber-judo\/","title":{"rendered":"\u00dcber Judo"},"content":{"rendered":"<p><strong><a href=\"https:\/\/de.wikipedia.org\/wiki\/Judo\" target=\"_blank\" rel=\"noopener\"><img loading=\"lazy\" decoding=\"async\" class=\"wp-image-32 alignleft\" src=\"https:\/\/judoclub-klosterneuburg.at\/judo\/wp-content\/uploads\/2016\/02\/283.png\" alt=\"283\" width=\"126\" height=\"155\" \/><\/a>Judo\u00a0<\/strong> (w\u00f6rtlich) sanfter Weg, abgeleitet von &#8218;j\u016b&#8216; = sanft, edel, vornehm und &#8218;d\u014d&#8216; = Weg ) ist eine, deren Prinzip \u201eSiegen durch Nachgeben\u201c beziehungsweise \u201emaximale Wirkung bei einem Minimum an Aufwand\u201c ist. Die darauf basierenden Judo -Vorl\u00e4uferformen wurden durch den Begr\u00fcnder des Judo, Jigoro Kan\u014d Jigor\u014d, (1860\u20131938), am Anfang des 20. Jahrhunderts f\u00fcr den Wettkampf angepasst. Das hei\u00dft, viele urspr\u00fcngliche Waffen-, Tritt- und Schlagtechniken sowie alle Hebel au\u00dfer Ellbogenhebel wurden entfernt.<\/p>\n<p><img loading=\"lazy\" decoding=\"async\" class=\"size-full wp-image-31 alignright\" src=\"https:\/\/judoclub-klosterneuburg.at\/judo\/wp-content\/uploads\/2016\/02\/285.png\" alt=\"285\" width=\"184\" height=\"182\" \/><\/p>\n<p>&nbsp;<\/p>\n<p>&nbsp;<\/p>\n<p>Judo ist ein Weg zur Leibesert\u00fcchtigung und dar\u00fcber hinaus auch eine Philosophie zur Pers\u00f6nlichkeitsentwicklung. Zwei philosophische Grundprinzipien liegen dem Judo im Wesentlichen zugrunde. Zum einen das gegenseitige Helfen und Verstehen zum beiderseitigen Fortschritt und Wohlergehen und zum anderen der bestm\u00f6gliche Einsatz von K\u00f6rper und Geist<\/p>\n<p>&nbsp;<\/p>\n","protected":false},"excerpt":{"rendered":"<p>Judo\u00a0 (w\u00f6rtlich) sanfter Weg, abgeleitet von &#8218;j\u016b&#8216; = sanft, edel, vornehm und &#8218;d\u014d&#8216; = Weg ) ist eine, deren Prinzip \u201eSiegen durch Nachgeben\u201c beziehungsweise \u201emaximale Wirkung bei einem Minimum an &#8230;<\/p>\n","protected":false},"author":1,"featured_media":0,"parent":0,"menu_order":0,"comment_status":"closed","ping_status":"closed","template":"template-fullwidth.php","meta":{"footnotes":""},"class_list":["post-30","page","type-page","status-publish","hentry"],"_links":{"self":[{"href":"https:\/\/judounion-klosterneuburg.at\/judo\/wp-json\/wp\/v2\/pages\/30","targetHints":{"allow":["GET"]}}],"collection":[{"href":"https:\/\/judounion-klosterneuburg.at\/judo\/wp-json\/wp\/v2\/pages"}],"about":[{"href":"https:\/\/judounion-klosterneuburg.at\/judo\/wp-json\/wp\/v2\/types\/page"}],"author":[{"embeddable":true,"href":"https:\/\/judounion-klosterneuburg.at\/judo\/wp-json\/wp\/v2\/users\/1"}],"replies":[{"embeddable":true,"href":"https:\/\/judounion-klosterneuburg.at\/judo\/wp-json\/wp\/v2\/comments?post=30"}],"version-history":[{"count":5,"href":"https:\/\/judounion-klosterneuburg.at\/judo\/wp-json\/wp\/v2\/pages\/30\/revisions"}],"predecessor-version":[{"id":4697,"href":"https:\/\/judounion-klosterneuburg.at\/judo\/wp-json\/wp\/v2\/pages\/30\/revisions\/4697"}],"wp:attachment":[{"href":"https:\/\/judounion-klosterneuburg.at\/judo\/wp-json\/wp\/v2\/media?parent=30"}],"curies":[{"name":"wp","href":"https:\/\/api.w.org\/{rel}","templated":true}]}}