{"id":37,"date":"2016-02-16T13:04:43","date_gmt":"2016-02-16T12:04:43","guid":{"rendered":"https:\/\/judoclub-klosterneuburg.at\/judo\/?page_id=37"},"modified":"2023-12-28T12:14:08","modified_gmt":"2023-12-28T11:14:08","slug":"historie","status":"publish","type":"page","link":"https:\/\/judounion-klosterneuburg.at\/judo\/historie\/","title":{"rendered":"Historie"},"content":{"rendered":"\n<p><strong>2023<\/strong> = Ein Jahr das nicht bald getoppt werden kann!<br>In unserem 35 j\u00e4hrigen Vereinsbestehen brachte uns 2023 Erfolge und Rekorde die noch nie da waren, und auch schwer wieder erneut zu toppen m\u00f6glich sein wird!<\/p>\n\n\n\n<p><strong><u>Ausgezeichnet vom \u00d6JV als bester \u00f6sterreichischer Nachwuchsverein 2023<\/u><\/strong><\/p>\n\n\n\n<ul class=\"wp-block-list\">\n<li>(unglaubliche) 8 \u00d6sterreichische Meister Titel von Schrattenholzer U18\/ U21\/ U23\/  AK, Aust Phillip U21, Aschenbach Maximilian, Kuniyk Laura Sophie, Schuster Christoph, alle U16<\/li>\n\n\n\n<li>Jugendolympia Gold (EYOF) f\u00fcr Schrattenholzer Helene<\/li>\n\n\n\n<li>Schrattenholzer Helene gewinnt als erste Judoka \u201eever\u201c, den \u201eNational Slam\u201c &gt; d.h. vier \u00d6sterreichische Meister Titel in einem Jahr (U18\/U21\/U23\/AK)<\/li>\n\n\n\n<li>Erstmals gewinnen wir mit Aust Phillip und Helene Schrattenholzer, sowohl die M\u00e4nner als auch die Frauen Klosterneuburger Sportler\/in Wahl des Jahres<\/li>\n\n\n\n<li>Eckl Tamia und Drusowitsch Frederik werden bei zwei gro\u00dfen internationalen Turnieren als die besten Techniker des Turnieres ausgezeichnet!<\/li>\n\n\n\n<li>Bester N\u00d6 Nachwuchsverein bei der Judo Landesmeisterschaft mit <br>17 neue N\u00d6 LandesmeisterInnen, 14 N\u00d6 Vize LandesmeisterInnen, und 10 Bronzemedaillen machten die Judo Union Klosterneuburg wieder zum besten Judo Nachwuchsverein in Nieder\u00f6sterreich.<\/li>\n\n\n\n<li>Sieg der Gesamtwertung beim Int. N\u00d6 Berger Nachwuchscup und dadurch seit 2013 durchgehend bester N\u00d6 Verein bei diesem prestigetr\u00e4chtigen N\u00d6 Nachwuchs Gradmesser<\/li>\n\n\n\n<li>Bronze bei der \u00d6sterreichischen Mannschaftsmeisterschaft Mixed Team U16<\/li>\n\n\n\n<li>Europacup Medaillen + Platzierungen<br>Schrattenholzer EC-Neapel U18 Bronze \/ EC Zagreb U18 Bronze \/ EC Teplice U18 Silber \/ EC Bielsko Biala U18 5.Platz<br>Aust Phillip EC Lignano U21 5.Platz<\/li>\n\n\n\n<li>Europameisterschaftsplatzierung U18 f\u00fcr Schrattenholzer (5.Platz) <\/li>\n\n\n\n<li>Europameisterschaftsteilnahme U21 f\u00fcr Aust Phillip<\/li>\n\n\n\n<li>Weltmeisterschaftsplatzierung U18 f\u00fcr Schrattenholzer (5.Platz)<\/li>\n\n\n\n<li>Aust Phillip k\u00e4mpft als Legion\u00e4r in der ersten Bundeliga f\u00fcr PSV Salzburg und tr\u00e4gt mit acht Siegen ohne Niederlage ma\u00dfgeblich zum dritten Gesamtrang der Mannschaft bei!<\/li>\n\n\n\n<li>Aust Phillip wird im HSZ (Heeressportzentrum) als Leistungssportler aufgenommen<\/li>\n\n\n\n<li>drei neue Dantr\u00e4ger: Fr\u00f6tscher Stefan, Kainrath Mario, Schrattenholzer Helene<br><br><strong>Auch abseits vom Sport sensationelle Erfolge und Auszeichnung!<\/strong><\/li>\n\n\n\n<li>So sammeln wir bei der Billa Vereins Aktion 31645 Lose, sind damit nicht nur der mit Abstand erfolgreichste Sportverein in Klosterneuburg, der st\u00e4rkste Judoverein \u00f6sterreichweit, der erfolgreichste Sportunion Verein \u00f6sterreichweit, sondern geh\u00f6ren zu den Top Sammlern der Aktion von insgesamt 5 145 teilnehmenden Sportvereinen bei dieser Aktion.<\/li>\n\n\n\n<li>Die Judo Union Klosterneuburg gewinnt durch verschiedene Nachhaltigkeitsma\u00dfnahmen, den Preis des Umweltministeriums als nachhaltigster Verein \u00d6sterreichs und wird im Juni von Vizekanzler Kogler und Umweltministerin Gewessler ausgezeichnet und geehrt.<\/li>\n<\/ul>\n\n\n\n<p><\/p>\n\n\n\n<p><strong>2022 <\/strong><\/p>\n\n\n\n<p>Mit Jahreswechsel wird mit dem Beitritt zur SPORT UNION aus dem Judoclub, die Judo UNION Klosterneuburg!<br>Das Jahr begann weiter fest im Griff von Corona und den Ma\u00dfnahmen der Regierung! Auch die Aussichten waren nicht sehr &#8222;Sportfreundlich&#8220; immer mit dem Nachsatz &#8230; sp\u00e4testens im Herbst kommt der n\u00e4chste Lockdown!<br>Zum Gl\u00fcck lief es anders und es wurde im Laufe des Jahres immer besser!<br>&gt; Ab Februar holt sich das LZ Klosterneuburg mit Sven Maresch einen mit unz\u00e4hligen internationalen WM, EM, Weltcup -Medaillen in der Tasche, dekorierten Judoka als Trainer!<br>&gt; Die Judo Union Klosterneuburg startet mit einer Co Operation mit den Galaxy Tigers in der \u00d6sterreichischen Frauen Bundesliga!<br>Mit etwas \u00fcber 16 Jahren Altersdurchschnitt, j\u00fcngste Mannschaft der gesamten Liga, wird die Wettkampfgemeinschaft am Ende F\u00fcnfter!<br>&gt; Endlich wieder sportliche H\u00f6hepunkte:<br>&#8211; Der N\u00d6JV startet erstmals mit einem Sch\u00fclerliga Bewerb (Shinzen) &gt; Wir sind der einzige Verein der mit drei Mannschaften in diesen Bewerb startet und die oberste Klasse gewinnt &gt;&gt; somit ist das Team &#8222;Hulk-Klosterneuburg&#8220; Sch\u00fclerliga Meister 2022<br>&#8211; Katja Gadermaier wird Klosterneuburger Sportlerin des Jahres 2021<br>&#8211; Helene Schrattenholzer wird N\u00d6 Sportlerin des Monats Oktober 2022<br>&#8211; Bester N\u00d6 Nachwuchsverein bei der Judo Landesmeisterschaft<br>13 LandesmeisterInnen, 12 VizelandesmeisterInnen und 12x Bronze f\u00fcr die Klosterneuburger Judo Union<br>&#8211; 15 Medaillen bei \u00d6sterreichischen Meisterschaften<br>\u00d6sterreichische Meister wurden: Helene Schrattenholzer (U23) Mario Kainrath (U16) Phillip Aust (U21)<br>Silber: Leon G\u00fcm\u00fcskaya (U23), Alexa Kainrath (U16), Helene Schrattenholzer (AK) Julia Bamberger (U21) Jessica Fortner (U21)<br>Phillip Aust (AK &#8211; somit die h\u00f6chste Medaille die von einem m\u00e4nnlichen Judoka aus Klosterneuburg je erk\u00e4mpft wurde).<br>Bronze: Schrattenholzer (U18) Gadermaier (U23) Kunyik, G\u00fcm\u00fcskaya N., Buxbaum (U16) G\u00fcm\u00fcskaya L. (U21)<br>&#8211; \u00d6sterreichischer Vize Mannschaftmeister Mixed Team U16 ( Kainrath M., Kainrath A., G\u00fcm\u00fcskaya N., Buxbaum, Kunyik, Von Lutz, Salvi&nbsp;&nbsp;&nbsp; (Lizenz) Ornik (Lizenz)<br>&#8211; Rekord an Europacup Platzierungen:<br>3x 7.Platz von Fortner\/Coimbra, Schrattenholzer\/ Zagreb, Gadermaier \/Lignano<br>&gt;&gt; 3. Platz\/ Bronze ECup U21 Julia Bamberger in Prag<br>&gt;&gt; 3. Platz\/Bronze ECup U18 Helene Schrattenholzer in Gy\u00f6r<br>&gt;&gt; 2. Platz\/Silber ECup U18 Helene Schrattenholzer in Koper<br>&#8211; Europameisterschaftsplatzierung U18 Helene Schrattenholzer&nbsp; 5.Platz<br>&#8211; Europameisterschaftsteilnahme U21 &#8211; Bamberger \/ Weltmeisterschaftsteilnahme U18 &#8211; Schrattenholzer<br>&gt;Ab Juli 22 d\u00fcrfen wir den ehemaligen Speisesaal der BH Klosterneuburg in der Leopoldstr.21 interimsm\u00e4\u00dfig als eigenes Dojo (Anm: Jap. f. Trainingsst\u00e4tte) verwenden.<\/p>\n\n\n\n<p>In der Mittelschule Langst\u00f6gergasse geh\u00f6rt Judo bereits zum Unterricht.<br>In der VS Anton Brucknerg. und in der VS Kierling befinden sich bereits weitere Trainingsstandorte wo auch Judo als ein Teil der Schulischen &#8211; Nachmittagsbetreuung m\u00f6glich ist.<br>Die positiven Reaktionen unserer Mitglieder und unserer Sch\u00fcler best\u00e4rken den Verein und die Hauptverantwortlichen des Vorstandes sowie Trainer, diesen Weg weiterzugehen!<\/p>\n\n\n\n<details class=\"wp-block-details is-layout-flow wp-block-details-is-layout-flow\"><summary>2021<\/summary>\n<p><strong>2021<\/strong> Weiter fest im Griff von Corona!<br>Kein einziger Bewerb in N\u00d6, schon das 2te Jahr keine N\u00d6 Landesmeisterschaft.<br>Gleich zu Jahresbeginn starteten wir eingemietet beim MTV Klosterneuburg mit einem Pr\u00e4ventionskonzept.<br>Ab Ostern durften wir wieder in die Turns\u00e4le der Gemeinde. Hier begannen wir in Zusammenarbeit mit der Stadtapotheke Klosterneuburg eine eigene Teststra\u00dfe einzurichten, und f\u00fchrten im Laufe des Jahres \u00fcber 2500 Testungen durch. Wir konnten auf Grund dieser Konzepte nicht nur trainieren, sondern f\u00fchrten auch mehrere Camps, und in Zusammenarbeit mit den Galaxy Tigers, zwei Randoriturniere durch.<br>Ohne Dr. Rasinger (Verantwortlicher Arzt), Stadtapotheke Klosterneuburg (Testungen) und Fa. Schuster&amp;Schuster (gro\u00dfen Teil der Tests gesponsert), w\u00e4re dieses Konzept nicht durchf\u00fchrbar gewesen!<br>Insgesamt neun Medaillen bei \u00d6sterreichischen Meisterschaften! (2x Silber &gt; Gadermaier (AK), Schrattenholzer (U16) und 7x Bronze &gt; Kainrath A., Buxbaum, (U16) Fortner (AK), Von Schrader, Gadermaier, Bamberger, Fortner (U21)<br>Vizestaatsmeistertitel in der AK von Gadermaier Katja -52kg!<br>Fortner Jessica gewinnt die N\u00d6 Sportlerinnen Wahl Klosterneuburg 2020!<br>Vierzehn Jugendliche legten die \u201eJudomatura\u201c, die Pr\u00fcfung zum 1.Dan ab! (Aust, Bieber, Bamberger, Fortner, Gadermaier, G\u00fcm\u00fcskaya, Hafner, Hatvan, Jenko, L\u00f6ffler, Rabitsch, Schicho, Schandl, Von Schrader)<br>5.Platz U18 Europacup in Gy\u00f6r f\u00fcr Von Schrader Ruben!<br>Besuch von Bildungsminister Univ.-Prof. Dr. Heinz Fa\u00dfmann bei unserem Sommercamp in Klosterneuburg!<\/p>\n\n\n\n<p>Durch die Aktion des Bundesministerium, in der 75% der Anf\u00e4ngerkursgeb\u00fchren der Bund \u00fcbernimmt, kommt der Judoclub Klosterneuburg zu einer allzeit Rekordmitgliederzahl von 178 Mitgliedern. Leider warf uns der 4.Lockdown und die Omikron Variante wieder zur\u00fcck.<br>Wir liesen das ganze Jahr keine M\u00f6glichkeit aus um an nationalen und\/oder Internationalen Turnieren im In- und Ausland teilzunehmen!<\/p>\n<\/details>\n\n\n\n<details class=\"wp-block-details is-layout-flow wp-block-details-is-layout-flow\"><summary>2020<\/summary>\n<p><strong>2020 <\/strong>Das Jahr in dem Corona kam!<br>Mit sehr gro\u00dfen, berechtigten Erwartungen ist der JC Klosterneuburg in das Jahr gestartet.<br>Leider kam alles anders als gedacht! Durch Corona gab es zwar immer wieder verschiedene M\u00f6glichkeiten zu trainieren, aber es waren ab M\u00e4rz keine Turniere m\u00f6glich.<br>FORTNER Jessica erk\u00e4mpft ihre zweite Europacup Silbermedaille in Follonica\/IT<br>Beim gleichen Turnier erk\u00e4mpft SCHANDL Philip (4 Siege) und BAMBERGER Julia (3 Siege) den jeweils 7.Platz<br>Bei \u00d6sterreichischen Meisterschaften gewinnen wir 2 x Silber (FORTNER Jessica U18, GADERMAIER Katja U23) und 4x Bronze ( BIEBER Paul U18, SCHANDL Philip U18, BAMBERGER Julia U18 und AUST Phillip U23).<br>SCHICHO Anika gewinnt das zweite Mal in Folge die Wahl der Klosterneuburger Sportlerin des Jahres 2019<br>FORTNER Jessica gewinnt die Wahl zur N\u00d6 Sportlerin des Monats Februar.<br>Der Judoclub KLosterneuburg am n\u00e4chsten Tag des ersten Lockdowns mit Trainingsprogrammen online.<br>Jede M\u00f6glichkeit wurde f\u00fcr Outdoor Trainings, Kleingruppentrainings und Trainingscamps genutzt.<br>Im Herbstlockdown sind wir &#8222;sage und schreibe&#8220;, mit acht live Mitmach-Programmen pro Woche online.<\/p>\n<\/details>\n\n\n\n<details class=\"wp-block-details is-layout-flow wp-block-details-is-layout-flow\"><summary>2019<\/summary>\n<p><strong>2019 <\/strong>Der JC Klosterneuburg wird das siebente Mal in Folge der beste N\u00d6 Verein beim Int. N\u00d6 Berger Nachwuchscup. Mit 23 N\u00d6 LandesmeisterInnen und 4 Vize LandesmeisterInnen 2019, sind wir auch in dieser Wertung wieder der st\u00e4rkste N\u00d6 Verein.<br>Den U16 N\u00d6 Landesmeisterschaft Mannschaft Bewerb, gewinnen erstmal in der Vereinsgeschichte sowohl die M\u00e4dchen als auch die Burschen.<br>Bei \u00d6sterreichischen Meisterschaften gewinnen wir insgesamt 17 Medaillen! 3x Gold (SCHRATTENHOLZER Helene U16, RABITSCH Oliver U16, FORTNER Jessica U18), 3x Silber (FORTNER Jessica U21\/U23, AUST Phillip U18), 11x Bronze (FORTNER Jessica AK, GADERMAIER Katja U18\/U21\/U23\/AK, VON SCHRADER Ruben U16, BAMBERGER Julia U18\/U21, BIEBER Paul U18\/U21, L\u00d6FFLER Nicolas U18)<br>AUST Phillip qualifiziert sich mit einem 5.PL. beim ECup Teplice, und SCHICHO Anika mit einem 5.Pl. beim U21 ECup Leibnitz f\u00fcr die U18 EM in Warschau\/PL . Bei dieser Europameisterschaft erk\u00e4mpft SCHICHO Anika mit dem 2.Platz den Vizeeuropameistertitel f\u00fcr Klosterneuburg und \u00d6sterreich.<br>FORTNER Jessica und SCHICHO Anika qualifizieren sich durch ihre Leistungen f\u00fcr die Olympischen Jugendspiele in Baku &gt; Dort wird Anika die gro\u00dfe Ehre der Fahnentr\u00e4gerin bei der Er\u00f6ffnung zu teil.<br>FORTNER Jessica gewinnt im November die Silber Medaille beim U18 ECup in Gy\u00f6r\/H<br>Auch 2019 kommen wieder die H\u00e4lfte der N\u00d6 Ranglisten SiegerInnen aller Nachwuchsaltersklassen aus Klosterneuburg (Anm. 9 von 18 )<\/p>\n<\/details>\n\n\n\n<details class=\"wp-block-details is-layout-flow wp-block-details-is-layout-flow\"><summary>2018<\/summary>\n<p><strong>2018<\/strong> Der JC Klosterneuburg wird das sechste Mal in Folge der beste N\u00d6 Verein beim Int. N\u00d6 Berger Nachwuchscup Mit 17 LandesmeisterInnen und 10 Vize LandesmeisterInnen 2018, sind wir auch in dieser Wertung wieder der st\u00e4rkste N\u00d6 Verein.<br>Bei den U16 Landesmeisterschaft &#8222;Mannschaft&#8220; werden die M\u00e4dchen Landesmeisterinnen und die Burschen werden mit dem 2.Platz Vizelandesmeister.<br>Bei den \u00d6sterreichischen Meisterschaften U16 werden wir erstmals in der Vereinsgeschichte mit 2 x Gold (AUST Phillip, FORTNER Jessica) 2 x Silber (G\u00dcM\u00dcSKAYA Leon, VON SCHRADER Ruben) und 3 x Bronze (BAMBERGER Julia, L\u00d6FFLER Nicolas, SCHANDL Philip) der beste Verein bei einer \u00d6sterreichischen Meisterschaft im Vereinsmedaillenspiegel!<br>Zus\u00e4tzlich bei \u00d6sterreichischen Meisterschaften 2018: 2 x Silber (SCHICHO Anika U18+U23) 5x Bronze (FORTNER Jessica U18, BAMBERGER Julia U21, AUST Phillip U18, G\u00dcM\u00dcSKAYA Leon U18, BIEBER Paul U18)<br>Bei der Staatsmeisterschaft AK kann SCHICHO Anika ihren Titel verteidigen und wird mit 16 Jahren die j\u00fcngste zweifache Staatsmeisterin AK die es je in \u00d6sterreich gegeben hat. Zus\u00e4tzlich erk\u00e4mpfen bei dieser Staatsmeisterschaft FORTNER Jessica, BAMBERGER Julia und GADERMAIER Katja, noch drei Bronzemedaillen.&nbsp; Erstmals wurden in Klosterneuburg \u00d6sterreichische Mannschaftsmeisterschaften U16 ausgetragen &gt; Der Judoclub Klosterneuburg erreicht als erster N\u00d6 Verein sowohl bei den Burschen (3.Platz\/Bronze) als auch bei den M\u00e4dchen (2.Platz\/Silber) eine Medaille bei diesem Bewerb.<br>SCHICHO Anika qualifiziert sich \u00fcber die beiden Europacup Platzierungen (5. Pl. EC Berlin + 7. Pl. EC Zagreb) abermals f\u00fcr die U18 EM in Sarajevo, bei der sie den sehr guten 5.Platz belegt! Im Herbst folgt noch ein 5.Platz beim EC in Gy\u00f6r f\u00fcr Anika.<br>In der N\u00d6 Rangliste sind abermals acht Klosterneuburger Kinder in den Topp drei Platzierungen in den diversen Altersklassen! Der Judoclub Klosterneuburg wird 2018 wieder der drittgr\u00f6\u00dfte Verein nach Anzahl der verkauften Jahresmarken!<\/p>\n<\/details>\n\n\n\n<details class=\"wp-block-details is-layout-flow wp-block-details-is-layout-flow\"><summary>2017<\/summary>\n<p><strong>2017 <\/strong>Das dritte Mal in Folge Gesamtsieger der Jahreswertung des Int. N\u00d6 Berger Nachwuchscup ,und daher das f\u00fcnfte Mal \/ ein halbes Jahrzehnt in Folge &#8222;Bester N\u00d6 Judo Nachwuchsverein&#8220;&nbsp; mit mehr Gesamtpunkte als alle restlichen N\u00d6 Leistungszentren zusammen!<br>Auch hat der JC Klosterneuburg mit 12 N\u00d6 Landesmeister und 10 N\u00d6 Vizelandesmeister die meisten Titel in Nieder\u00f6sterreich geschafft!<br>Zus\u00e4tzlich wurden wir auch N\u00d6 U16 Mannschafts Landesmeister bei den Burschen!<br>Die M\u00e4dchen belegen bei der \u00d6sterreichischen U16 Mannschaftmeisterschaft den 3.Platz und somit zum 2ten Mal in der Vereinsgeschichte die Bronzemedaille (Mannschaft: Bamberger, Fortner, Schicho, Fr\u00fchwirth\/Lizenz, Pannagl, Wollmann, Schrattenholzer)!<br>Bei \u00d6sterreichischen Meisterschaften belegten wir 2x Gold ( Schicho U16, Schicho U18) 3x Silber (L\u00f6ffler U16, Fortner U16, Schicho U21) und 2x Bronze (Bamberger U16, G\u00fcm\u00fcskaya U16)<br>Schicho Anika wird mit gerade 15 Jahren die j\u00fcngste \u00d6sterreichische Staatsmeisterin AK -52kg seit bestehen des Judo in \u00d6sterreich, die zweitj\u00fcngste seit bestehen, aller Gewichtsklassen!<br>Schicho Anika erreicht beim U18 Europacup in Berlin die Bronzemedaille und qualifiziert sich dadurch f\u00fcr die U18 Europameisterschaft in Kaunas\/LTU &gt; dort schafft sie den 9.Platz! Sie wird durch ihre Leistung auch in der Mannschaft aufgestellt, gewinnt als Einzige alle K\u00e4mpfe (gg. Lettland, Frankreich, Ungarn und Russland) und macht mit der Mannschaft den 7. Platz!<br>In der Nieder\u00f6sterreichischen Jahresrangliste belegen wir 10 Stockerlpl\u00e4tze! = mehr als die H\u00e4lfte aller m\u00f6glichen&nbsp; 18 Platzierungen! (Anm. U12 &#8211; 3x m\u00e4nnl\/3x weibl &gt; U14 3x M\/3x W und U16 3x M\/3x W)<\/p>\n<\/details>\n\n\n\n<details class=\"wp-block-details is-layout-flow wp-block-details-is-layout-flow\"><summary>2016<\/summary>\n<p><strong>2016 <\/strong>Der Judoclub Klosterneuburg wird zum Judo Leistungszentrum des Nieder\u00f6sterreichischen Judoverbandes! Mit 117 verkauften Jahresmarken ist der Verein der drittg\u00f6\u00dfte Judoverein in Nieder\u00f6sterreich!<br>Das zweite Mal in Folge Gesamtsieger der Jahreswertung des Int. N\u00d6 Berger Nachwuchscup ,und daher das vierte Mal in Folge &#8222;Bester N\u00d6 Judo Nachwuchsverein&#8220;<br>Neun Nachwuchslandesmeister\/innen und vier VizeLandesmeister\/innen kr\u00f6nen uns auch bei den Nachwuchslandesmeisterschaften zur Nr.1 in Nieder\u00f6sterreichischem Nachwuchsjudo!<br>SCHICHO Anika wird die erste U16 \u00d6sterreichische Meisterin in der Geschichte des Clubs&nbsp; &#8211; gleichzeitig ist dies die einzige U16 Goldmedaille f\u00fcr N\u00d6 bei diesen \u00d6sterreichischen U16 Meisterschaften! Wir gewinnen die U14 und die U16 Jahres &#8211; Rangliste des N\u00d6 Judolandesverbandes in der U14 Rangliste kommen neun der ersten zw\u00f6lf Ranglistenplatzierten aus Klosterneuburg! BAMBERGER Julia gewinnt das Nomminierungsturnier des \u00d6JV in Koroska\/SL, und wird zus\u00e4tzlich zur &#8222;Best Female Fighter&#8220; des Turniers gew\u00e4hlt! FORTNER Jessica wird Dritte bei diesem Turnier!<\/p>\n<\/details>\n\n\n\n<details class=\"wp-block-details is-layout-flow wp-block-details-is-layout-flow\"><summary>2015<\/summary>\n<p><strong>2015<\/strong> \u201cHattrick!\u201d &#8211; Erstmals Gesamtsieger der Jahresgesamtwertung des Int. N\u00d6 Berger Nachwuchscup, und daher auch das dritte Mal in Folge \u201cBester N\u00d6 Nachwuchsverein\u201d<br>Wiederholung des sensationellen Medaillenspiegels von 2014 bei der N\u00d6 Nachwuchs &#8211; Landesmeisterschaft 2015!<br>N\u00d6 Mannschaftsvizelandesmeister sowohl bei den Sch\u00fclern als auch bei den Sch\u00fclerinnen!<br>Das erste Mal in der Vereinsgeschichte: \u201c3.Platz bei der \u00d6sterreichischen Mannschaftsmeisterschaft Sch\u00fclerinnen U16!\u201d (Mannschaft: Bamberger Julia, Schicho Anika, Gadermaier Katja, Fortner Jessica und Schauerhuber Fiona)<br>Drei Burschen (G\u00fcm\u00fcskaya Leon, L\u00f6ffler Nicolas u. Schandl Philip) k\u00e4mpfen als Leihk\u00e4mpfer f\u00fcr die Galaxy-Tigers bei der \u00d6sterreichischen Mannschaftsmeisterschaft Sch\u00fcler U16, tragen ma\u00dfgeblich zum 1.Platz bei, und erk\u00e4mpfen ihre ersten \u00d6sterreichischen Goldmedaillen! In der offiziellen U12 Jahres-Rangliste des N\u00d6 Judoverbandes wird der dritte Platz bei den Sch\u00fclerinnen und der zweite Platz bei den Sch\u00fclern von Klosterneuburg belegt!<br>In der U14 Rangliste Sch\u00fclerinnen ist der 1. und 2. Platz vom JCK belegt, und in Folge kommen vier der ersten sechs M\u00e4dchen aus dieser Liste von uns. Bei den Sch\u00fclern U14 kommen ebenfalls der 1. und 2. Platz aus Klosterneuburg und sechs der ersten elf Burschen vom JC Klosterneuburg!<br><\/p>\n<\/details>\n\n\n\n<details class=\"wp-block-details is-layout-flow wp-block-details-is-layout-flow\"><summary>2014<\/summary>\n<p><strong>2014<\/strong> das zweite Mal in Folge \u201cBester N\u00d6 Nachwuchsverein\u201d in der Jahresgesamtwertung des Int. N\u00d6 Berger-Cup! das dritte Mal in Folge, mit sechs Landesmeistertitel und f\u00fcnf Vizelandesmeistertitel \u201cBester U11\/U12 Verein\u201d bei den N\u00d6 Judo Landesmeisterschaften!<br>Das erste Mal in der Vereinsgeschichte \u201cN\u00d6 Mannschafts-Vizelandesmeister Sch\u00fclerinnen\u201d!<br>In der offiziellen U12 Jahres-Rangliste des N\u00d6 Judoverbandes sind die ersten drei Kinder aus Klosterneuburg und in Folge sechs Klosterneuburger Judokinder unter den besten Neun!<br>Das beste U14 M\u00e4dchen aus ganz N\u00d6 kommt ebenfalls aus Klosterneuburg!<\/p>\n<\/details>\n\n\n\n<details class=\"wp-block-details is-layout-flow wp-block-details-is-layout-flow\"><summary>2013<\/summary>\n<p><strong>2013<\/strong> &#8211; rechtzeitig im Jahr des 25 j\u00e4hrigen Vereinsjubil\u00e4um wurden wir wieder Bester U12 Verein bei der N\u00d6 Judo Landesmeisterschaft und erstmals in der Vereinsgeschichte \u201cBester N\u00d6 Nachwuchsverein\u201d in der Jahresgesamtwertung des Int. N\u00d6 Berger-Cup!<\/p>\n<\/details>\n\n\n\n<details class=\"wp-block-details is-layout-flow wp-block-details-is-layout-flow\"><summary>2012<\/summary>\n<p><strong>2012<\/strong> Bester U11 Verein bei der N\u00d6 Judo Landesmeisterschaft und drittbester&nbsp; N\u00d6 Judo Nachwuchsverein in der Jahreswertung des Int. N\u00d6 Berger-Cup!<\/p>\n<\/details>\n\n\n\n<details class=\"wp-block-details is-layout-flow wp-block-details-is-layout-flow\"><summary>2011<\/summary>\n<p><strong>2011<\/strong> wieder die ersten Goldmedaillen bei der N\u00d6 Nachwuchslandesmeisterschaft!<br>(GERHARD David und SCHICHO Anika)<\/p>\n<\/details>\n\n\n\n<details class=\"wp-block-details is-layout-flow wp-block-details-is-layout-flow\"><summary>2010<\/summary>\n<p><strong>J\u00e4nner 2010<\/strong> stieg Robert Haas bei einem Mitgliederstand von 58, beim JC Klosterneuburg ein. Gleich noch im Februar wurden mit unseren Partnerschulen Aktionen gestartet, sodass im Sommersemester schon fast wieder 100<br>Kinder und Jugenliche beim JCK Mitgleid waren! Ab Herbst wurde beschlossen mit den Kindern wieder vermehrt an Wettk\u00e4mpfen teilzunehmen, und es wurden auch gleich wieder die Eine oder Andere Medaille errungen!<strong>2011<\/strong> wieder die ersten Goldmedaillen bei der N\u00d6 Nachwuchslandesmeisterschaft!<br>(GERHARD David und SCHICHO Anika)<\/p>\n<\/details>\n\n\n\n<details class=\"wp-block-details is-layout-flow wp-block-details-is-layout-flow\"><summary>2009<\/summary>\n<p>Ende <strong>2009 <\/strong>ist der Verein kurz vor dem &#8222;Aus&#8220;, da sich Summer Fritz aus gesundheitlichen Gr\u00fcnden zur\u00fcck ziehen musste, und die zu der Zeit verantwortlichen, Summer Peter und Summer Andreas durch Ihren Beruf und den damit verbundenen Wechseldienst nicht mehr die n\u00f6tige Zeit f\u00fcr den Verein haben!<\/p>\n<\/details>\n\n\n\n<details class=\"wp-block-details is-layout-flow wp-block-details-is-layout-flow\"><summary>1988 &#8211; 2000<\/summary>\n<p>Der Judoclub Klosterneuburg besteht seit 1988.<br>Eintragung im Vereinsregister 02.01.1989.<br>Damals gr\u00fcndet Friedrich Summer den Verein.<br>Unter dem Leitsatz\u201a \u201cJudo bildet Geist und K\u00f6rper und macht zudem noch eine Menge Spa\u00df\u201d, wurde interessierten Kindern, Jugendlichen aber auch Erwachsenen die Faszination der fern\u00f6stlichen Kampfsportart Judo n\u00e4hergebracht.<br>Durch die gelungene Arbeit mit unseren Mitgliedern im Breitensport, aber auch der professionellen Betreuung wettkampforientierter Sportler wurde der Judoclub Klosterneuburg zum fixen Bestandteil des \u00d6sterreichischen Judogeschehens.&nbsp; Zahlreiche Siege und Platzierungen bei nationalen und internationalen Bewerben, im Nachwuchs und in der allgemeinen Klasse, wurden von Klosterneuburger K\u00e4mpfern errungen. 1995 stieg die Kampfmannschaft des JCK, nach dem Gewinn der Landesmeisterschaft und dem Sieg beim Aufstiegsturnier der Meister, in die zweite Bundesliga auf. Dort wurde 96 der dritte Platz erreicht und 1997 als Zweiter der Aufstieg in die erste Bundesliga erreicht. Nach einem f\u00fcnften Platz im ersten Jahr in der h\u00f6chsten Wettkampfklasse \u00d6sterreichs konnte 1999 in einer Wettkampfgemeinschaft mit dem Judoclub Leopoldstadt als COLOP Samurais das Ligafinale erreicht werden und die Bronzemedaille der \u00d6sterreichischen Staatsmeisterschaft gewonnen werden. Bedeutende K\u00e4mpfer des JC Klosterneuburg zu dieser Zeit sind unter anderem Europameister Norbert Haimberger, Milit\u00e4r Weltmeister Thomas Haasmann, Olympiastarter Anton Summer aber auch der Tschechische Vizeweltmeister Wladimir Kocman.<br>Im Jahr 2000 zog sich der Judoclub Klosterneuburg aus finanziellen Entscheidungen aus dem Ligabetrieb des \u00d6JV zur\u00fcck. Ab diesem Zeitpunkt galt das Augenmerk dem Hobby und Breitensport.<\/p>\n\n\n\n<p>Fritz Summer \/ Vereinsgr\u00fcnder &amp; Ehrenpr\u00e4sident<\/p>\n<\/details>\n\n\n\n<p><\/p>\n","protected":false},"excerpt":{"rendered":"<p>2023 = Ein Jahr das nicht bald getoppt werden kann!In unserem 35 j\u00e4hrigen Vereinsbestehen brachte uns 2023 Erfolge und Rekorde die noch nie da waren, und auch schwer wieder erneut &#8230;<\/p>\n","protected":false},"author":4,"featured_media":0,"parent":0,"menu_order":0,"comment_status":"closed","ping_status":"closed","template":"template-fullwidth.php","meta":{"footnotes":""},"class_list":["post-37","page","type-page","status-publish","hentry"],"_links":{"self":[{"href":"https:\/\/judounion-klosterneuburg.at\/judo\/wp-json\/wp\/v2\/pages\/37","targetHints":{"allow":["GET"]}}],"collection":[{"href":"https:\/\/judounion-klosterneuburg.at\/judo\/wp-json\/wp\/v2\/pages"}],"about":[{"href":"https:\/\/judounion-klosterneuburg.at\/judo\/wp-json\/wp\/v2\/types\/page"}],"author":[{"embeddable":true,"href":"https:\/\/judounion-klosterneuburg.at\/judo\/wp-json\/wp\/v2\/users\/4"}],"replies":[{"embeddable":true,"href":"https:\/\/judounion-klosterneuburg.at\/judo\/wp-json\/wp\/v2\/comments?post=37"}],"version-history":[{"count":44,"href":"https:\/\/judounion-klosterneuburg.at\/judo\/wp-json\/wp\/v2\/pages\/37\/revisions"}],"predecessor-version":[{"id":4828,"href":"https:\/\/judounion-klosterneuburg.at\/judo\/wp-json\/wp\/v2\/pages\/37\/revisions\/4828"}],"wp:attachment":[{"href":"https:\/\/judounion-klosterneuburg.at\/judo\/wp-json\/wp\/v2\/media?parent=37"}],"curies":[{"name":"wp","href":"https:\/\/api.w.org\/{rel}","templated":true}]}}