{"id":41,"date":"2016-02-16T13:06:37","date_gmt":"2016-02-16T12:06:37","guid":{"rendered":"https:\/\/judoclub-klosterneuburg.at\/judo\/?page_id=41"},"modified":"2025-09-23T18:56:20","modified_gmt":"2025-09-23T16:56:20","slug":"sponsoren","status":"publish","type":"page","link":"https:\/\/judounion-klosterneuburg.at\/judo\/sponsoren\/","title":{"rendered":"Sponsoren"},"content":{"rendered":"\n<h2 class=\"wp-block-heading has-text-align-center\">Mit Stolz pr\u00e4sentieren wir unsere Hauptsponsoren <br>(Alphabetisch geordnet)<\/h2>\n\n\n\n<p><\/p>\n\n\n\n<div class=\"wp-block-group\"><div class=\"wp-block-group__inner-container is-layout-flow wp-block-group-is-layout-flow\">\n<figure class=\"wp-block-table is-style-regular\"><table class=\"has-fixed-layout\"><tbody><tr><td class=\"has-text-align-center\" data-align=\"center\"><a href=\"https:\/\/www.attensam.at\/\" data-type=\"URL\" data-id=\"https:\/\/www.attensam.at\/\" target=\"_blank\" rel=\"noreferrer noopener\"><img loading=\"lazy\" decoding=\"async\" width=\"200\" height=\"78\" class=\"wp-image-3644\" style=\"width: 200px;\" src=\"https:\/\/judounion-klosterneuburg.at\/judo\/wp-content\/uploads\/2021\/10\/Attensam_Logo_Claim_VORSCHAU-1.jpg\" alt=\"\"><\/a><\/td><\/tr><tr><td class=\"has-text-align-center\" data-align=\"center\"><a href=\"https:\/\/www.allianz.at\/de_AT\/beratung\/klosterneuburg.html#\/\" data-type=\"link\" data-id=\"https:\/\/www.allianz.at\/de_AT\/beratung\/klosterneuburg.html#\/\"><img loading=\"lazy\" decoding=\"async\" width=\"150\" height=\"90\" class=\"wp-image-5771\" style=\"width: 150px;\" src=\"https:\/\/judounion-klosterneuburg.at\/judo\/wp-content\/uploads\/2025\/09\/Allianz.jpg\" alt=\"\" srcset=\"https:\/\/judounion-klosterneuburg.at\/judo\/wp-content\/uploads\/2025\/09\/Allianz.jpg 885w, https:\/\/judounion-klosterneuburg.at\/judo\/wp-content\/uploads\/2025\/09\/Allianz-300x180.jpg 300w, https:\/\/judounion-klosterneuburg.at\/judo\/wp-content\/uploads\/2025\/09\/Allianz-768x461.jpg 768w\" sizes=\"auto, (max-width: 150px) 100vw, 150px\" \/><\/a><\/td><\/tr><tr><td class=\"has-text-align-center\" data-align=\"center\"><a href=\"https:\/\/www.felbermayerfenster.at\/\" target=\"_blank\" rel=\"noreferrer noopener\"><img loading=\"lazy\" decoding=\"async\" width=\"150\" height=\"90\" class=\"wp-image-4907\" style=\"width: 150px;\" src=\"https:\/\/judounion-klosterneuburg.at\/judo\/wp-content\/uploads\/2024\/02\/Logo-Felbermayer.png\" alt=\"\" srcset=\"https:\/\/judounion-klosterneuburg.at\/judo\/wp-content\/uploads\/2024\/02\/Logo-Felbermayer.png 1400w, https:\/\/judounion-klosterneuburg.at\/judo\/wp-content\/uploads\/2024\/02\/Logo-Felbermayer-300x180.png 300w, https:\/\/judounion-klosterneuburg.at\/judo\/wp-content\/uploads\/2024\/02\/Logo-Felbermayer-1024x615.png 1024w, https:\/\/judounion-klosterneuburg.at\/judo\/wp-content\/uploads\/2024\/02\/Logo-Felbermayer-768x461.png 768w\" sizes=\"auto, (max-width: 150px) 100vw, 150px\" \/><\/a><\/td><\/tr><tr><td class=\"has-text-align-center\" data-align=\"center\"><a href=\"http:\/\/www.hack-tp.com\/\" data-type=\"URL\" data-id=\"http:\/\/www.hack-tp.com\/\" target=\"_blank\" rel=\"noreferrer noopener\"><img decoding=\"async\" style=\"width: 200px;\" src=\"https:\/\/judoclub-klosterneuburg.at\/judo\/wp-content\/uploads\/2016\/02\/sponsor5.jpg\"><\/a><\/td><\/tr><tr><td class=\"has-text-align-center\" data-align=\"center\"><a href=\"https:\/\/www.zummarkgraf.at\/\" data-type=\"URL\" data-id=\"https:\/\/www.zummarkgraf.at\/\" target=\"_blank\" rel=\"noreferrer noopener\"><img decoding=\"async\" style=\"width: 200px;\" src=\"https:\/\/judounion-klosterneuburg.at\/judo\/wp-content\/uploads\/2022\/04\/markgraf-logo-300x90-1.png\" alt=\"\"><\/a><\/td><\/tr><tr><td class=\"has-text-align-center\" data-align=\"center\"><a href=\"https:\/\/www.raiffeisen.at\/noew\/klosterneuburg\/de\/privatkunden.html\" data-type=\"URL\" data-id=\"https:\/\/www.raiffeisen.at\/noew\/klosterneuburg\/de\/privatkunden.html\" target=\"_blank\" rel=\"noreferrer noopener\"><img loading=\"lazy\" decoding=\"async\" width=\"200\" height=\"79\" class=\"wp-image-1276\" style=\"width: 200px;\" src=\"https:\/\/judounion-klosterneuburg.at\/judo\/wp-content\/uploads\/2017\/01\/raikakloburg.jpeg\" alt=\"\"><\/a><\/td><\/tr><tr><td class=\"has-text-align-center\" data-align=\"center\"><a href=\"https:\/\/schuster2-consulting.at\/\" data-type=\"URL\" data-id=\"https:\/\/schuster2-consulting.at\/\" target=\"_blank\" rel=\"noreferrer noopener\"><img decoding=\"async\" src=\"https:\/\/judounion-klosterneuburg.at\/judo\/wp-content\/uploads\/2021\/11\/S2_TIC_Logo-3.jpg\" alt=\"\" style=\"width: 200px;\"><\/a><\/td><\/tr><tr><td class=\"has-text-align-center\" data-align=\"center\"><a href=\"https:\/\/sportunion.at\/\" data-type=\"URL\" data-id=\"https:\/\/sportunion.at\/\" target=\"_blank\" rel=\"noreferrer noopener\"><img decoding=\"async\" src=\"https:\/\/sportunion.at\/wp-content\/uploads\/SPORTUNION-Logo-4c-quer-1200x442.png\" style=\"width: 200px;\"><\/a><\/td><\/tr><tr><td class=\"has-text-align-center\" data-align=\"center\"><a href=\"https:\/\/www.sportlandnoe.at\/\" data-type=\"URL\" data-id=\"https:\/\/www.sportlandnoe.at\/\" target=\"_blank\" rel=\"noreferrer noopener\"><img decoding=\"async\" src=\"https:\/\/judounion-klosterneuburg.at\/judo\/wp-content\/uploads\/bilder\/sportland_noe.jpg\" style=\"width: 200px;\"><\/a><\/td><\/tr><tr><td class=\"has-text-align-center\" data-align=\"center\"><a rel=\"noreferrer noopener\" href=\"https:\/\/www.docfinder.at\/praktischer-arzt\/1120-wien\/dr-erwin-rasinger\" data-type=\"URL\" data-id=\"https:\/\/www.docfinder.at\/praktischer-arzt\/1120-wien\/dr-erwin-rasinger\" target=\"_blank\"><img decoding=\"async\" style=\"width: 280px;\" src=\"https:\/\/judounion-klosterneuburg.at\/judo\/wp-content\/uploads\/2021\/01\/SportRasinger.png\" alt=\"\"><\/a><\/td><\/tr><tr><td class=\"has-text-align-center\" data-align=\"center\"><a href=\"https:\/\/www.klosterneuburg.at\" target=\"_blank\" rel=\"noreferrer noopener\"><img loading=\"lazy\" decoding=\"async\" width=\"200\" height=\"79\" class=\"wp-image-4037\" style=\"width: 200px;\" src=\"https:\/\/judounion-klosterneuburg.at\/judo\/wp-content\/uploads\/2022\/06\/Dachmarke_Dunkel-1.png\" alt=\"\" srcset=\"https:\/\/judounion-klosterneuburg.at\/judo\/wp-content\/uploads\/2022\/06\/Dachmarke_Dunkel-1.png 1048w, https:\/\/judounion-klosterneuburg.at\/judo\/wp-content\/uploads\/2022\/06\/Dachmarke_Dunkel-1-300x118.png 300w, https:\/\/judounion-klosterneuburg.at\/judo\/wp-content\/uploads\/2022\/06\/Dachmarke_Dunkel-1-1024x403.png 1024w, https:\/\/judounion-klosterneuburg.at\/judo\/wp-content\/uploads\/2022\/06\/Dachmarke_Dunkel-1-768x302.png 768w\" sizes=\"auto, (max-width: 200px) 100vw, 200px\" \/><\/a><\/td><\/tr><tr><td class=\"has-text-align-center\" data-align=\"center\"><a href=\"https:\/\/zuklinbus.at\/\" target=\"_blank\" rel=\"noreferrer noopener\"><img loading=\"lazy\" decoding=\"async\" width=\"150\" height=\"27\" class=\"wp-image-4846\" style=\"width: 150px;\" src=\"https:\/\/judounion-klosterneuburg.at\/judo\/wp-content\/uploads\/2024\/01\/zuklinbus-2.png\" alt=\"\"><\/a><\/td><\/tr><\/tbody><\/table><\/figure>\n\n\n\n<h2 class=\"wp-block-heading has-text-align-center\">weiters bedanken wir uns herzlich f\u00fcr die Unterst\u00fctzung des Klosterneuburger Judonachwuchses:<\/h2>\n\n\n\n<div class=\"wp-block-columns is-layout-flex wp-container-core-columns-is-layout-9d6595d7 wp-block-columns-is-layout-flex\">\n<div class=\"wp-block-column is-layout-flow wp-block-column-is-layout-flow\" style=\"flex-basis:100%\">\n<figure class=\"wp-block-table\"><table class=\"has-fixed-layout\"><tbody><tr><td class=\"has-text-align-center\" data-align=\"center\"><a href=\"https:\/\/www.alphaset.at\/\" target=\"_blank\" rel=\"noreferrer noopener\"><img decoding=\"async\" style=\"width: 200px;\" src=\"https:\/\/judounion-klosterneuburg.at\/judo\/wp-content\/uploads\/2022\/04\/Alphaset_Logo_weiss_auf_Rot.png\" alt=\"\"><\/a><br><br><\/td><\/tr><tr><td class=\"has-text-align-center\" data-align=\"center\"><a href=\"https:\/\/www.coversticker.net\/\" data-type=\"URL\" data-id=\"https:\/\/www.coversticker.net\/\" target=\"_blank\" rel=\"noreferrer noopener\"><img loading=\"lazy\" decoding=\"async\" width=\"220\" height=\"57\" class=\"wp-image-3904\" style=\"width: 220px;\" src=\"https:\/\/judounion-klosterneuburg.at\/judo\/wp-content\/uploads\/2022\/04\/logo_coversticker.jpg\" alt=\"\" srcset=\"https:\/\/judounion-klosterneuburg.at\/judo\/wp-content\/uploads\/2022\/04\/logo_coversticker.jpg 406w, https:\/\/judounion-klosterneuburg.at\/judo\/wp-content\/uploads\/2022\/04\/logo_coversticker-300x78.jpg 300w\" sizes=\"auto, (max-width: 220px) 100vw, 220px\" \/><\/a><\/td><\/tr><tr><td class=\"has-text-align-center\" data-align=\"center\"><a href=\"https:\/\/dacho.at\/\" target=\"_blank\" rel=\"noreferrer noopener\"><img loading=\"lazy\" decoding=\"async\" width=\"118\" height=\"82\" class=\"wp-image-4845\" style=\"width: 118px;\" src=\"https:\/\/judounion-klosterneuburg.at\/judo\/wp-content\/uploads\/2024\/01\/DachoLogo-Frei.png\" alt=\"\"><\/a><br><\/td><\/tr><tr><td class=\"has-text-align-center\" data-align=\"center\"><a href=\"https:\/\/www.dialoghaus.at\/\" target=\"_blank\" rel=\"noreferrer noopener\"><img loading=\"lazy\" decoding=\"async\" width=\"150\" height=\"75\" class=\"wp-image-4883\" style=\"width: 150px;\" src=\"https:\/\/judounion-klosterneuburg.at\/judo\/wp-content\/uploads\/2024\/02\/dialoghaus_logo1.png\" alt=\"\" srcset=\"https:\/\/judounion-klosterneuburg.at\/judo\/wp-content\/uploads\/2024\/02\/dialoghaus_logo1.png 368w, https:\/\/judounion-klosterneuburg.at\/judo\/wp-content\/uploads\/2024\/02\/dialoghaus_logo1-300x150.png 300w\" sizes=\"auto, (max-width: 150px) 100vw, 150px\" \/><\/a><\/td><\/tr><tr><td class=\"has-text-align-center\" data-align=\"center\"><a href=\"https:\/\/www.fleischmann-reifen.at\/home.html\" data-type=\"URL\" data-id=\"https:\/\/www.fleischmann-reifen.at\/home.html\" target=\"_blank\" rel=\"noreferrer noopener\"><img decoding=\"async\" style=\"width: 200px;\" src=\"https:\/\/judoclub-klosterneuburg.at\/judo\/wp-content\/uploads\/2016\/02\/sponsor12.jpg\"><\/a><br><\/td><\/tr><tr><td class=\"has-text-align-center\" data-align=\"center\"><a href=\"https:\/\/holzbau-maresch.at\/\" data-type=\"link\" data-id=\"https:\/\/holzbau-maresch.at\/\" target=\"_blank\" rel=\"noreferrer noopener\"><img loading=\"lazy\" decoding=\"async\" width=\"150\" height=\"49\" class=\"wp-image-5162\" style=\"width: 150px;\" src=\"https:\/\/judounion-klosterneuburg.at\/judo\/wp-content\/uploads\/2024\/09\/Maresch.png\" alt=\"\"><\/a><\/td><\/tr><tr><td class=\"has-text-align-center\" data-align=\"center\"><a href=\"https:\/\/www.jacomp.at\" target=\"_blank\" rel=\"noreferrer noopener\"><img loading=\"lazy\" decoding=\"async\" width=\"150\" height=\"53\" class=\"wp-image-4849\" style=\"width: 150px;\" src=\"https:\/\/judounion-klosterneuburg.at\/judo\/wp-content\/uploads\/2024\/01\/branding2023.png\" alt=\"\"><\/a><br><\/td><\/tr><tr><td class=\"has-text-align-center\" data-align=\"center\"><a href=\"http:\/\/www.nurhonigpur.at\/\" data-type=\"URL\" data-id=\"http:\/\/www.nurhonigpur.at\/\" target=\"_blank\" rel=\"noreferrer noopener\"><img decoding=\"async\" style=\"width: 200px;\" src=\"https:\/\/judoclub-klosterneuburg.at\/judo\/wp-content\/uploads\/2016\/02\/sponsor10.jpg\"><\/a><br><\/td><\/tr><tr><td class=\"has-text-align-center\" data-align=\"center\"><a href=\"https:\/\/welner.at\/\" data-type=\"URL\" data-id=\"https:\/\/welner.at\/\" target=\"_blank\" rel=\"noreferrer noopener\"><img decoding=\"async\" style=\"width: 200px;\" src=\"https:\/\/judounion-klosterneuburg.at\/judo\/wp-content\/uploads\/2021\/12\/welner-side.png\" alt=\"\"><\/a><\/td><\/tr><tr><td class=\"has-text-align-center\" data-align=\"center\"><a href=\"https:\/\/www.stift-klosterneuburg.at\/\" target=\"_blank\" rel=\"noreferrer noopener\"><img loading=\"lazy\" decoding=\"async\" width=\"150\" height=\"55\" class=\"wp-image-4884\" style=\"width: 150px;\" src=\"https:\/\/judounion-klosterneuburg.at\/judo\/wp-content\/uploads\/2024\/02\/stiftklosterneuburg-pos-e1707212852840.png\" alt=\"\"><\/a><\/td><\/tr><tr><td class=\"has-text-align-center\" data-align=\"center\"><a href=\"http:\/\/www.dorn.at\/\" data-type=\"URL\" data-id=\"http:\/\/www.dorn.at\/\" target=\"_blank\" rel=\"noreferrer noopener\"><img decoding=\"async\" style=\"width: 200px;\" src=\"https:\/\/judoclub-klosterneuburg.at\/judo\/wp-content\/uploads\/2016\/02\/sponsor4.jpg\"><\/a><br><\/td><\/tr><\/tbody><\/table><\/figure>\n<\/div>\n<\/div>\n\n\n\n<p><\/p>\n\n\n\n<p><\/p>\n\n\n\n<p><\/p>\n\n\n\n<p><\/p>\n\n\n\n<p><\/p>\n<\/div><\/div>\n\n\n\n<div class=\"wp-block-columns is-layout-flex wp-container-core-columns-is-layout-9d6595d7 wp-block-columns-is-layout-flex\"><\/div>\n\n\n\n<p><\/p>\n","protected":false},"excerpt":{"rendered":"<p>Mit Stolz pr\u00e4sentieren wir unsere Hauptsponsoren (Alphabetisch geordnet) weiters bedanken wir uns herzlich f\u00fcr die Unterst\u00fctzung des Klosterneuburger Judonachwuchses:<\/p>\n","protected":false},"author":1,"featured_media":0,"parent":0,"menu_order":0,"comment_status":"closed","ping_status":"closed","template":"template-fullwidth.php","meta":{"footnotes":""},"class_list":["post-41","page","type-page","status-publish","hentry"],"_links":{"self":[{"href":"https:\/\/judounion-klosterneuburg.at\/judo\/wp-json\/wp\/v2\/pages\/41","targetHints":{"allow":["GET"]}}],"collection":[{"href":"https:\/\/judounion-klosterneuburg.at\/judo\/wp-json\/wp\/v2\/pages"}],"about":[{"href":"https:\/\/judounion-klosterneuburg.at\/judo\/wp-json\/wp\/v2\/types\/page"}],"author":[{"embeddable":true,"href":"https:\/\/judounion-klosterneuburg.at\/judo\/wp-json\/wp\/v2\/users\/1"}],"replies":[{"embeddable":true,"href":"https:\/\/judounion-klosterneuburg.at\/judo\/wp-json\/wp\/v2\/comments?post=41"}],"version-history":[{"count":101,"href":"https:\/\/judounion-klosterneuburg.at\/judo\/wp-json\/wp\/v2\/pages\/41\/revisions"}],"predecessor-version":[{"id":5774,"href":"https:\/\/judounion-klosterneuburg.at\/judo\/wp-json\/wp\/v2\/pages\/41\/revisions\/5774"}],"wp:attachment":[{"href":"https:\/\/judounion-klosterneuburg.at\/judo\/wp-json\/wp\/v2\/media?parent=41"}],"curies":[{"name":"wp","href":"https:\/\/api.w.org\/{rel}","templated":true}]}}